{"id":5043,"date":"2021-05-11T18:21:16","date_gmt":"2021-05-11T16:21:16","guid":{"rendered":"http:\/\/huskvarna-javisst.se\/?page_id=5043"},"modified":"2021-06-15T17:58:19","modified_gmt":"2021-06-15T15:58:19","slug":"turist-i-huskvarna","status":"publish","type":"page","link":"https:\/\/huskvarna-javisst.se\/?page_id=5043","title":{"rendered":"Turist i Huskvarna"},"content":{"rendered":"<p>Turistbroschyr f\u00f6r Huskvarna ber\u00e4ttar om ett trettiotal sev\u00e4rdheter och bes\u00f6ksm\u00e5l och listar n\u00e4stan lika m\u00e5nga matst\u00e4llen och caf\u00e9er.<\/p>\n<p>Broschyren finns i tryckt form p\u00e5 Infopoints, hotell, museer med flera platser.<\/p>\n<p><a href=\"http:\/\/huskvarna-javisst.se\/wp-content\/uploads\/2021\/05\/turistbroschyr-huskvarna-05-18-lag-uppslag.pdf\">Turistbroschyr Huskvarna 05-18 l\u00e5g-uppl<\/a><\/p>\n<p>En h\u00f6guppl\u00f6st version 14 mB l\u00e4mpar sig f\u00f6r utskrift.<\/p>\n<p><a href=\"http:\/\/huskvarna-javisst.se\/wp-content\/uploads\/2021\/05\/turistbroschyr-huskvarna-05-18-utskrift.pdf\">Turistbroschyr Huskvarna 05-18 utskrift<\/a><\/p>\n<p>Turistbroschyren g\u00e5r att best\u00e4lla. Skriv till <strong>info@huskvarna-javisst.se\u00a0<\/strong><\/p>\n<p style=\"text-align: right;\"><a href=\"http:\/\/huskvarna-javisst.se\/wp-content\/uploads\/2021\/05\/skarmavbild-2021-05-12-kl-114556.png\"><img loading=\"lazy\" class=\"alignright wp-image-5089 size-medium\" src=\"http:\/\/huskvarna-javisst.se\/wp-content\/uploads\/2021\/05\/skarmavbild-2021-05-12-kl-114556-300x194.png\" alt=\"\" width=\"300\" height=\"194\" srcset=\"https:\/\/huskvarna-javisst.se\/wp-content\/uploads\/2021\/05\/skarmavbild-2021-05-12-kl-114556-300x194.png 300w, https:\/\/huskvarna-javisst.se\/wp-content\/uploads\/2021\/05\/skarmavbild-2021-05-12-kl-114556-768x498.png 768w, https:\/\/huskvarna-javisst.se\/wp-content\/uploads\/2021\/05\/skarmavbild-2021-05-12-kl-114556.png 938w\" sizes=\"(max-width: 300px) 100vw, 300px\" \/><\/a><a href=\"http:\/\/huskvarna-javisst.se\/wp-content\/uploads\/2021\/05\/skarmavbild-2021-05-12-kl-114347.png\"><img loading=\"lazy\" class=\"wp-image-5088 size-thumbnail alignleft\" src=\"http:\/\/huskvarna-javisst.se\/wp-content\/uploads\/2021\/05\/skarmavbild-2021-05-12-kl-114347-150x150.png\" alt=\"\" width=\"150\" height=\"150\" \/><\/a> <img loading=\"lazy\" class=\"alignleft wp-image-5086\" src=\"http:\/\/huskvarna-javisst.se\/wp-content\/uploads\/2021\/05\/skarmavbild-2021-05-12-kl-114739-150x150.png\" alt=\"\" width=\"94\" height=\"100\" srcset=\"https:\/\/huskvarna-javisst.se\/wp-content\/uploads\/2021\/05\/skarmavbild-2021-05-12-kl-114739-282x300.png 282w, https:\/\/huskvarna-javisst.se\/wp-content\/uploads\/2021\/05\/skarmavbild-2021-05-12-kl-114739.png 768w\" sizes=\"(max-width: 94px) 100vw, 94px\" \/><\/p>\n","protected":false},"excerpt":{"rendered":"<p>Turistbroschyr f\u00f6r Huskvarna ber\u00e4ttar om ett trettiotal sev\u00e4rdheter och bes\u00f6ksm\u00e5l och listar n\u00e4stan lika m\u00e5nga matst\u00e4llen och caf\u00e9er. Broschyren finns i tryckt form p\u00e5 Infopoints, hotell, museer med flera platser. Turistbroschyr Huskvarna 05-18 l\u00e5g-uppl En h\u00f6guppl\u00f6st version 14 mB l\u00e4mpar &hellip; <a href=\"https:\/\/huskvarna-javisst.se\/?page_id=5043\">Forts\u00e4tt l\u00e4sa <span class=\"meta-nav\">&rarr;<\/span><\/a><\/p>\n","protected":false},"author":11,"featured_media":0,"parent":0,"menu_order":0,"comment_status":"closed","ping_status":"closed","template":"","meta":[],"_links":{"self":[{"href":"https:\/\/huskvarna-javisst.se\/index.php?rest_route=\/wp\/v2\/pages\/5043"}],"collection":[{"href":"https:\/\/huskvarna-javisst.se\/index.php?rest_route=\/wp\/v2\/pages"}],"about":[{"href":"https:\/\/huskvarna-javisst.se\/index.php?rest_route=\/wp\/v2\/types\/page"}],"author":[{"embeddable":true,"href":"https:\/\/huskvarna-javisst.se\/index.php?rest_route=\/wp\/v2\/users\/11"}],"replies":[{"embeddable":true,"href":"https:\/\/huskvarna-javisst.se\/index.php?rest_route=%2Fwp%2Fv2%2Fcomments&post=5043"}],"version-history":[{"count":14,"href":"https:\/\/huskvarna-javisst.se\/index.php?rest_route=\/wp\/v2\/pages\/5043\/revisions"}],"predecessor-version":[{"id":5181,"href":"https:\/\/huskvarna-javisst.se\/index.php?rest_route=\/wp\/v2\/pages\/5043\/revisions\/5181"}],"wp:attachment":[{"href":"https:\/\/huskvarna-javisst.se\/index.php?rest_route=%2Fwp%2Fv2%2Fmedia&parent=5043"}],"curies":[{"name":"wp","href":"https:\/\/api.w.org\/{rel}","templated":true}]}}