{"id":85,"date":"2012-10-23T11:08:54","date_gmt":"2012-10-23T09:08:54","guid":{"rendered":"http:\/\/www.huskvarna-javisst.se\/?page_id=85"},"modified":"2021-05-10T16:22:13","modified_gmt":"2021-05-10T14:22:13","slug":"om-foreningen","status":"publish","type":"page","link":"https:\/\/huskvarna-javisst.se\/?page_id=85","title":{"rendered":"F\u00f6reningens syfte"},"content":{"rendered":"<p><strong>F\u00f6reningens syfte<br \/>\n<\/strong>F\u00f6reningen har till uppgift att verka f\u00f6r att kommundelen Huskvarna blir en k\u00e4nd och attraktiv ort att verka, bo, arbeta, handla och turista i.<\/p>\n<p>I detta syfte har f\u00f6reningen att<br \/>\n&#8211; initiera och\/eller utf\u00f6ra samordnade aktiviteter vad g\u00e4ller utveckling av Huskvarna<br \/>\n&#8211; fr\u00e4mja, bevaka och informera om fr\u00e5gor som r\u00f6r syftet med f\u00f6reningen<br \/>\n&#8211; i \u00f6vrigt fullg\u00f6ra de uppgifter som medlemmarna p\u00e5 utlysta m\u00f6ten enats om<\/p>\n<p class=\"p1\"><span class=\"s1\"><strong>Handlingsplan och arbetss\u00e4tt.<\/strong><b><br \/>\n<\/b>F\u00f6reningen deltager aktivt i seminarier och m\u00f6ten.<br \/>\n\u00c4r remissinstans f\u00f6r fr\u00e5gor som ber\u00f6r Huskvarna.<br \/>\nHar direktkontakt med politiker och ansvariga tj\u00e4nstem\u00e4n i fr\u00e5gor som r\u00f6r Huskvarnas utveckling och framtid.<\/span><\/p>\n<p>F\u00f6reningen arbetar i huvudsak utifr\u00e5n tre huvudfr\u00e5gor som \u00e4r viktiga f\u00f6r utvecklingen av kommundelen Huskvarna.<br \/>\n* Handelsplatsen Huskvarna<br \/>\n* Infrastrukturen i Huskvarna<br \/>\n* Event av olika slag<\/p>\n<p><strong>Vision<br \/>\n<\/strong>Huskvarna skall bli en v\u00e4lk\u00e4nd och attraktiv ort att verka, bo, arbeta, handla och turista i.<\/p>\n<p><strong>M\u00e5l<\/strong><br \/>\n* att skapa en positiv utveckling f\u00f6r Huskvarna genom etablering av verksamheter och inflyttning av boende.<br \/>\n* att st\u00e4rka Huskvarnas identitet, s\u00e5v\u00e4l lokalt som nationellt och internationellt.<br \/>\n* att skapa framtidstro och utvecklingsm\u00f6jligheter f\u00f6r befintliga och nya verksamheter i Huskvarna<br \/>\n* att skapa en livaktig och trivsam stadsk\u00e4rna i Huskvarna som \u00e4r en naturlig m\u00f6tesplats f\u00f6r s\u00e5v\u00e4l Huskvarnabor som bes\u00f6kare.<br \/>\n* att ta vara p\u00e5 Huskvarnas naturliga f\u00f6ruts\u00e4ttningar f\u00f6r en m\u00e4nsklig sm\u00e5skalighet med n\u00e4rhet till natur och fin vattenkontakt.<\/p>\n<p><strong>Handlingsplan<\/strong><br \/>\nDeltaga i och aktivt p\u00e5verka i seminarier och m\u00f6ten som anordnas<br \/>\nSkapa legitimitet genom att arbeta aktivt med medlemsv\u00e4rvning<\/p>\n<p>I samverkan och samklang med kommunens representanter verka f\u00f6r ortens utveckling<\/p>\n<p>&nbsp;<\/p>\n","protected":false},"excerpt":{"rendered":"<p>F\u00f6reningens syfte F\u00f6reningen har till uppgift att verka f\u00f6r att kommundelen Huskvarna blir en k\u00e4nd och attraktiv ort att verka, bo, arbeta, handla och turista i. I detta syfte har f\u00f6reningen att &#8211; initiera och\/eller utf\u00f6ra samordnade aktiviteter vad g\u00e4ller &hellip; <a href=\"https:\/\/huskvarna-javisst.se\/?page_id=85\">Forts\u00e4tt l\u00e4sa <span class=\"meta-nav\">&rarr;<\/span><\/a><\/p>\n","protected":false},"author":2,"featured_media":0,"parent":0,"menu_order":0,"comment_status":"closed","ping_status":"open","template":"","meta":[],"_links":{"self":[{"href":"https:\/\/huskvarna-javisst.se\/index.php?rest_route=\/wp\/v2\/pages\/85"}],"collection":[{"href":"https:\/\/huskvarna-javisst.se\/index.php?rest_route=\/wp\/v2\/pages"}],"about":[{"href":"https:\/\/huskvarna-javisst.se\/index.php?rest_route=\/wp\/v2\/types\/page"}],"author":[{"embeddable":true,"href":"https:\/\/huskvarna-javisst.se\/index.php?rest_route=\/wp\/v2\/users\/2"}],"replies":[{"embeddable":true,"href":"https:\/\/huskvarna-javisst.se\/index.php?rest_route=%2Fwp%2Fv2%2Fcomments&post=85"}],"version-history":[{"count":10,"href":"https:\/\/huskvarna-javisst.se\/index.php?rest_route=\/wp\/v2\/pages\/85\/revisions"}],"predecessor-version":[{"id":5037,"href":"https:\/\/huskvarna-javisst.se\/index.php?rest_route=\/wp\/v2\/pages\/85\/revisions\/5037"}],"wp:attachment":[{"href":"https:\/\/huskvarna-javisst.se\/index.php?rest_route=%2Fwp%2Fv2%2Fmedia&parent=85"}],"curies":[{"name":"wp","href":"https:\/\/api.w.org\/{rel}","templated":true}]}}