{"id":86,"date":"2012-10-23T11:00:59","date_gmt":"2012-10-23T09:00:59","guid":{"rendered":"http:\/\/www.huskvarna-javisst.se\/?page_id=86"},"modified":"2026-04-19T21:02:31","modified_gmt":"2026-04-19T19:02:31","slug":"styrelsen","status":"publish","type":"page","link":"https:\/\/huskvarna-javisst.se\/?page_id=86","title":{"rendered":"Styrelsen 2026"},"content":{"rendered":"<p>&nbsp;<\/p>\n<p><strong><br \/>\nOrdf\u00f6rande<br \/>\n<\/strong>vakant<\/p>\n<p class=\"p1\"><span class=\"s1\"><strong><img loading=\"lazy\" class=\"alignleft wp-image-6599 size-thumbnail\" src=\"http:\/\/huskvarna-javisst.se\/wp-content\/uploads\/2024\/02\/skarmavbild-2024-03-16-kl-154903-150x150.png\" alt=\"\" width=\"150\" height=\"150\" \/><\/strong><strong>Vice ordf\u00f6rande<br \/>\n<\/strong><\/span>Ulrika Str\u00f6mberg<br \/>\n072-547 92 13<\/p>\n<p><a href=\"ulrikastromberg@live.se\">ulrikastromberg@live.se<\/a><\/p>\n<p>&nbsp;<\/p>\n<p class=\"p1\"><span class=\"s1\"><strong><a href=\"http:\/\/huskvarna-javisst.se\/wp-content\/uploads\/2021\/04\/skarmavbild-2021-04-14-kl-111855.png\"><img loading=\"lazy\" class=\"alignleft size-full wp-image-5000\" src=\"http:\/\/huskvarna-javisst.se\/wp-content\/uploads\/2021\/04\/skarmavbild-2021-04-14-kl-111855.png\" alt=\"\" width=\"138\" height=\"196\" \/><\/a><\/strong><\/span><\/p>\n<p><span class=\"s1\">Michaela Ullmark<br \/>\nTel: 072-092 29 90<br \/>\ne-post: <a href=\"mailto:michaela.ullmark@gmail.com\">michaela.ullmark@gmail.com<\/a><\/span><\/p>\n<p>&nbsp;<\/p>\n<p>&nbsp;<\/p>\n<p>&nbsp;<\/p>\n<p class=\"p1\"><span class=\"s1\"><a href=\"http:\/\/huskvarna-javisst.se\/wp-content\/uploads\/2021\/05\/img-0259-2.jpg\"><img loading=\"lazy\" class=\"alignleft wp-image-5097 size-thumbnail\" src=\"http:\/\/huskvarna-javisst.se\/wp-content\/uploads\/2021\/05\/img-0259-2-150x150.jpg\" alt=\"\" width=\"150\" height=\"150\" \/><\/a><\/span><\/p>\n<p>&nbsp;<\/p>\n<p class=\"p1\"><span class=\"s1\">Mirre Junestr\u00f6m<br \/>\nTel: 073-346 21 86<br \/>\ne-post:\u00a0 <a href=\"mailto:randigkatt@hotmail.com\"><span class=\"s2\">randigkatt@hotmail.com<\/span><\/a><\/span><\/p>\n<p>&nbsp;<\/p>\n<p>&nbsp;<\/p>\n<p>Bengt Ybe<br \/>\nbengt@ybe.se<br \/>\n070-812 48 87<\/p>\n<p>&nbsp;<\/p>\n<p><a href=\"http:\/\/huskvarna-javisst.se\/wp-content\/uploads\/2025\/05\/img-4779.jpg\"><img loading=\"lazy\" class=\"alignleft wp-image-7132 size-thumbnail\" src=\"http:\/\/huskvarna-javisst.se\/wp-content\/uploads\/2025\/05\/img-4779-150x150.jpg\" alt=\"\" width=\"150\" height=\"150\" \/><\/a><\/p>\n<p>&nbsp;<\/p>\n<p>&nbsp;<\/p>\n<p>Sara Wadskog<br \/>\n<a href=\"sara@karl-andersson.se\">sara@karl-andersson.se<\/a><\/p>\n<p>&nbsp;<\/p>\n<p>&nbsp;<\/p>\n<p><strong>Suppleanter:<\/strong><\/p>\n<p><strong>\u00a0 <\/strong><a href=\"https:\/\/www.huskvarna-javisst.se\/wp-content\/uploads\/2012\/10\/IMG_3117-e1523996076483.jpg\" rel=\"attachment wp-att-92\"><img loading=\"lazy\" class=\"aligncenter wp-image-92 alignleft\" src=\"https:\/\/www.huskvarna-javisst.se\/wp-content\/uploads\/2012\/10\/IMG_3117-e1523996076483.jpg\" alt=\"Gunnar G\u00f6ransson\" width=\"135\" height=\"182\" \/> <\/a><br \/>\nGunnar G\u00f6ransson<br \/>\n<a href=\"gunnar.e.goransson@gmail.com\">gunnar.e.goransson@gmail.com<\/a><br \/>\n070-5146485<\/p>\n<p>&nbsp;<\/p>\n<p>&nbsp;<\/p>\n<p><a href=\"http:\/\/huskvarna-javisst.se\/wp-content\/uploads\/2023\/04\/img-2221.jpg\"><img loading=\"lazy\" class=\"alignleft wp-image-6148 size-thumbnail\" src=\"http:\/\/huskvarna-javisst.se\/wp-content\/uploads\/2023\/04\/img-2221-150x150.jpg\" alt=\"\" width=\"150\" height=\"150\" \/><\/a>Conny Als\u00e9n<br \/>\n<a href=\"mailto:bergsgatan@hotmail.com\">bergsgatan@hotmail.com<\/a><br \/>\n070-642 62 10<\/p>\n<p>&nbsp;<\/p>\n<p>&nbsp;<\/p>\n<p><strong><a href=\"http:\/\/huskvarna-javisst.se\/wp-content\/uploads\/2025\/04\/img-4746-2.jpg\"><img loading=\"lazy\" class=\"alignleft wp-image-7061 size-thumbnail\" src=\"http:\/\/huskvarna-javisst.se\/wp-content\/uploads\/2025\/04\/img-4746-2-150x150.jpg\" alt=\"\" width=\"150\" height=\"150\" \/><\/a><br \/>\n<\/strong><\/p>\n<p>Git Johansson<br \/>\n<a href=\"mailto:git_johansson@yahoo.se\">git_johansson@yahoo.se<\/a><\/p>\n<p>&nbsp;<\/p>\n<p>&nbsp;<\/p>\n<p>&nbsp;<\/p>\n<p><strong>Adjungerade\u00a0 vid\u00a0 styrelsens sammantr\u00e4den:<\/strong><strong><a href=\"http:\/\/huskvarna-javisst.se\/wp-content\/uploads\/2012\/10\/IMG_3121.jpg\"><img loading=\"lazy\" class=\"alignleft wp-image-94 size-thumbnail\" src=\"http:\/\/huskvarna-javisst.se\/wp-content\/uploads\/2012\/10\/IMG_3121-150x150.jpg\" alt=\"\" width=\"150\" height=\"150\" \/><\/a><\/strong><\/p>\n<p>Roland Youngstr\u00f6m<br \/>\n<strong>Kass\u00f6r<\/strong><br \/>\nTel: \u00a0076-887 08 20<br \/>\ne-post: <a href=\"mailto:kansli@huskvarna-javisst.se\">kansli@huskvarna-javisst.se<\/a><\/p>\n<p>&nbsp;<\/p>\n<p><a href=\"https:\/\/www.huskvarna-javisst.se\/wp-content\/uploads\/2013\/04\/Tomas-e1524041855243.jpg\" rel=\"attachment wp-att-671\"><img loading=\"lazy\" class=\"wp-image-671 size-full alignleft\" src=\"https:\/\/www.huskvarna-javisst.se\/wp-content\/uploads\/2013\/04\/Tomas-e1524041855243.jpg\" alt=\"\" width=\"130\" height=\"147\" \/><\/a> Thomas Ahlebro,<br \/>\n<strong>Verksamhetsledare<\/strong><br \/>\n<a href=\"mailto:thomas@ahlebro.se\">thomas@ahlebro.se<\/a><br \/>\n070-514 68 88<\/p>\n<p>&nbsp;<\/p>\n<p>&nbsp;<\/p>\n<p><strong>Valberedning<br \/>\n<\/strong>Patrik Holst\u00a0 \u00a0 \u00a0 \u00a0 \u00a0 \u00a0 \u00a0070-577 93 56<br \/>\nRegina Weltzien\u00a0 \u00a0 \u00a0070-422 04 06<br \/>\nGunnar Svensson\u00a0 \u00a0076-313 62 67<\/p>\n<p>&nbsp;<\/p>\n","protected":false},"excerpt":{"rendered":"<p>&nbsp; Ordf\u00f6rande vakant Vice ordf\u00f6rande Ulrika Str\u00f6mberg 072-547 92 13 ulrikastromberg@live.se &nbsp; Michaela Ullmark Tel: 072-092 29 90 e-post: michaela.ullmark@gmail.com &nbsp; &nbsp; &nbsp; &nbsp; Mirre Junestr\u00f6m Tel: 073-346 21 86 e-post:\u00a0 randigkatt@hotmail.com &nbsp; &nbsp; Bengt Ybe bengt@ybe.se 070-812 48 87 &hellip; <a href=\"https:\/\/huskvarna-javisst.se\/?page_id=86\">Forts\u00e4tt l\u00e4sa <span class=\"meta-nav\">&rarr;<\/span><\/a><\/p>\n","protected":false},"author":2,"featured_media":0,"parent":0,"menu_order":0,"comment_status":"closed","ping_status":"open","template":"","meta":[],"_links":{"self":[{"href":"https:\/\/huskvarna-javisst.se\/index.php?rest_route=\/wp\/v2\/pages\/86"}],"collection":[{"href":"https:\/\/huskvarna-javisst.se\/index.php?rest_route=\/wp\/v2\/pages"}],"about":[{"href":"https:\/\/huskvarna-javisst.se\/index.php?rest_route=\/wp\/v2\/types\/page"}],"author":[{"embeddable":true,"href":"https:\/\/huskvarna-javisst.se\/index.php?rest_route=\/wp\/v2\/users\/2"}],"replies":[{"embeddable":true,"href":"https:\/\/huskvarna-javisst.se\/index.php?rest_route=%2Fwp%2Fv2%2Fcomments&post=86"}],"version-history":[{"count":121,"href":"https:\/\/huskvarna-javisst.se\/index.php?rest_route=\/wp\/v2\/pages\/86\/revisions"}],"predecessor-version":[{"id":7372,"href":"https:\/\/huskvarna-javisst.se\/index.php?rest_route=\/wp\/v2\/pages\/86\/revisions\/7372"}],"wp:attachment":[{"href":"https:\/\/huskvarna-javisst.se\/index.php?rest_route=%2Fwp%2Fv2%2Fmedia&parent=86"}],"curies":[{"name":"wp","href":"https:\/\/api.w.org\/{rel}","templated":true}]}}